{"id":93,"date":"2020-08-13T17:48:14","date_gmt":"2020-08-13T15:48:14","guid":{"rendered":"http:\/\/herbordsburg-pudel-neubrandenburg.de\/?page_id=93"},"modified":"2025-08-20T17:18:01","modified_gmt":"2025-08-20T15:18:01","slug":"zucht-kleinpudel","status":"publish","type":"page","link":"https:\/\/herbordsburg-pudel.de\/gb\/zucht-kleinpudel\/","title":{"rendered":"Breed miniature"},"content":{"rendered":"    <!--[animation]-->\n        <style>\n        .bd-animation-1416896905.animated.fadeIn {\n            -webkit-animation-duration: 3200ms;\n            animation-duration: 3200ms;\n            -webkit-animation-delay: 0ms;\n            animation-delay: 0ms;\n            \n        }\n        <\/style>        <!--{content}-->\n                <!--[section]-->\n\t\t<style>\n.bd-section-192769678{background-color:#800000;padding-bottom:3em;padding-top:3em;}\n@media (max-width: 767px) {.bd-section-192769678{padding-top:2em;padding-bottom:1em;}}\n.bd-section-192769678{\n\tline-height:  24px;\n\tfont-size:  16px;\n\tcolor:  #000000;\n\tfont-weight:  400;\n\ttext-align:  center;\n}\n.bd-section-192769678 h2{\n\tline-height:  36px;\n\tfont-size:  24px;\n\tcolor:  #333333;\n\tfont-weight:  400;\n}\n<\/style>\t\t<section id=section4 class=\" bd-section-192769678 bd-tagstyles animated  bd-animation-1416896905 \" data-section-title=\"Three Columns\" data-animation-name=\"fadeIn\" data-animation-event=\"onload\" data-animation-duration=\"3200ms\" data-animation-delay=\"0ms\" data-animation-infinited=\"false\">\n\t\t\t<div class=\"bd-container-inner bd-margins clearfix\">\n\t\t\t\t<!--{content}-->\n\t\t\t\t\t    <!--[columns]-->\n        <style>\n.bd-layoutcontainer-1361814357 > .bd-container-inner > .container-fluid > .row{height:calc(120%);margin:-10px;}\n.bd-layoutcontainer-1361814357 > .bd-container-inner > .container-fluid > .row > div{padding:10px;}\n.bd-layoutcontainer-1361814357  > .bd-container-inner > .container-fluid:after{display:none;}<\/style><style>\n.bd-layoutcontainer-1361814357 > .bd-container-inner > .container-fluid, .bd-layoutcontainer-1361814357 > .bd-container-inner > .container-fluid > .row{height:100%;}<\/style><style>.bd-layoutcontainer-1361814357 > .bd-container-inner > .container-fluid {padding-left: 0; padding-right: 0;}<\/style>        <style>\n.bd-layoutcolumn-294230254{background-color:#ffffff;-webkit-box-shadow:0px 1px 6px 0px rgba(51, 51, 51, 0.25);-o-box-shadow:0px 1px 6px 0px rgba(51, 51, 51, 0.25);-ms-box-shadow:0px 1px 6px 0px rgba(51, 51, 51, 0.25);-moz-box-shadow:0px 1px 6px 0px rgba(51, 51, 51, 0.25);box-shadow:0px 1px 6px 0px rgba(51, 51, 51, 0.25);padding-bottom:2em;}\n.bd-layoutcolumn-294230254 h2{\n\ttext-align:  center;\n}\n\n\n.bd-layoutcolumn-385569583{background-color:#ffffff;-webkit-box-shadow:0px 1px 6px 0px rgba(51, 51, 51, 0.25);-o-box-shadow:0px 1px 6px 0px rgba(51, 51, 51, 0.25);-ms-box-shadow:0px 1px 6px 0px rgba(51, 51, 51, 0.25);-moz-box-shadow:0px 1px 6px 0px rgba(51, 51, 51, 0.25);box-shadow:0px 1px 6px 0px rgba(51, 51, 51, 0.25);padding-bottom:2em;}\n.bd-layoutcolumn-385569583 h5{\n\ttext-align:  center;\n}\n\n\n.bd-layoutcolumn-1979157675{background-color:#ffffff;-webkit-box-shadow:0px 1px 6px 0px rgba(51, 51, 51, 0.25);-o-box-shadow:0px 1px 6px 0px rgba(51, 51, 51, 0.25);-ms-box-shadow:0px 1px 6px 0px rgba(51, 51, 51, 0.25);-moz-box-shadow:0px 1px 6px 0px rgba(51, 51, 51, 0.25);box-shadow:0px 1px 6px 0px rgba(51, 51, 51, 0.25);padding-bottom:2em;}\n.bd-layoutcolumn-1979157675 h2{\n\ttext-align:  center;\n}\n<\/style>        <div class=\" bd-layoutcontainer-1361814357  bd-columns bd-no-margins\">\n            <div class=\"bd-container-inner\">\n                <div class=\"container-fluid\">\n                    <div class=\"row bd-row-flex bd-row-align-top\">\n                        <!--{content}-->\n                                <!--[column]-->\n        <div class=\"col-md-4 col-sm-6 bd-columnwrapper-294230254\">\n            <div class=\"bd-column  bd-layoutcolumn-294230254 \">\n                <div class=\"bd-vertical-align-wrapper\">\n                    <!--{content}-->\n                        <!--[image]--><style>\n.additional-class-2073946786{width:347px;height:405px;}<\/style><img decoding=\"async\" src=\"https:\/\/herbordsburg-pudel.de\/wp-content\/uploads\/2025\/08\/eb112d3d4b317984c6d4491e5eaf5bb2_elegant.jpeg\" class=\" additional-class-2073946786   bd-imagestyles bd-own-margins\"><!--{content}--><!--{\/content}--><!--[\/image]-->\n\t\n\t\t    <!--[text]-->\n                <h2 class=\" additional-class-443715042  bd-content-element\">\n            <!--{content}-->\n                Elegant iz Mimoletnogo Videnija            <!--{\/content}-->\n        <\/h2>\n    <!--[\/text]-->\n\n\t\n\t\t\n    <!--[separator]-->\n    <style>\n.bd-separator-633005433{padding-bottom:10px;}<\/style>        <style>\n.bd-separator-633005433 .bd-separator-inner:before, .bd-separator-633005433 .bd-separator-inner:after{display:inline-block;border-bottom:2px solid #000000;}<\/style>    <style>\n.bd-separator-633005433 .bd-separator-inner{width:60px;}<\/style>\n    <div class=\" bd-separator-633005433  bd-separator-center bd-separator-content-center clearfix\">\n        <div class=\"bd-container-inner\">\n            <div class=\"bd-separator-inner\">\n                                <!--{content}--><!--{\/content}-->\n            <\/div>\n        <\/div>\n    <\/div>\n    <!--[\/separator]-->\n\n    \n\t\n\t\t    <!--[text]-->\n        <style>\n.additional-class-534758675{background-color:#fce9e9;margin:10px;}<\/style>        <p class=\" additional-class-534758675  bd-no-margins bd-content-element\">\n            <!--{content}-->\n                42\/43 cm<br>Auge ok, PL-frei, prcd-PRA B,<br>vWD1 N\/N, DM N\/DM, NE N\/N<br><br><a href=\"https:\/\/herbordsburg-pudel.de\/ahnentafel-elegant-iz-mimoletnogo-videnija\/\">Ahnentafel - Pedigree<\/a>            <!--{\/content}-->\n        <\/p>\n    <!--[\/text]-->\n                    <!--{\/content}-->\n                <\/div>\n            <\/div>\n        <\/div>\n    <!--[\/column]-->\n\n\t\n\t\t    <!--[column]-->\n        <div class=\"col-md-4 col-sm-6 bd-columnwrapper-385569583\">\n            <div class=\"bd-column  bd-layoutcolumn-385569583 \">\n                <div class=\"bd-vertical-align-wrapper\">\n                    <!--{content}-->\n                            <!--[image_scaling]-->\n        <style>\n.bd-imagescaling-2050667998.bd-imagescaling-img, .bd-imagescaling-2050667998 .bd-imagescaling-img{background-position:center center;background-repeat:no-repeat;}<\/style>        <!--{content}-->\n            <!--[image]--><style>\n.additional-class-305624143{width:100%;height:250px;display:block;margin:65px auto;}<\/style><img decoding=\"async\" src=\"https:\/\/herbordsburg-pudel.de\/wp-content\/uploads\/2020\/08\/3e31c3a154da5653fd9831ec9a8c0f60_verliebteSternenguckerpudel_fu18nnlc..gif\" class=\" additional-class-305624143 bd-no-margins bd-imagestyles bd-own-margins bd-imagescaling  bd-imagescaling-2050667998 \"><!--{content}--><!--{\/content}--><!--[\/image]-->        <!--{\/content}-->\n    <!--[\/image_scaling]-->\n\n\t\n\t\t    <!--[text]-->\n                <h5 class=\" additional-class-243880981  bd-content-element\">\n            <!--{content}-->\n                <b><b>Am 13.06.2025 haben geheiratet:<\/b><\/b>            <!--{\/content}-->\n        <\/h5>\n    <!--[\/text]-->\n\n\t\n\t\t\n    <!--[separator]-->\n    <style>\n.bd-separator-1519473463{padding-bottom:10px;}<\/style>        <style>\n.bd-separator-1519473463 .bd-separator-inner:before, .bd-separator-1519473463 .bd-separator-inner:after{display:inline-block;border-bottom:2px solid #000000;}<\/style>    <style>\n.bd-separator-1519473463 .bd-separator-inner{width:60px;}<\/style>\n    <div class=\" bd-separator-1519473463  bd-separator-center bd-separator-content-center clearfix\">\n        <div class=\"bd-container-inner\">\n            <div class=\"bd-separator-inner\">\n                                <!--{content}--><!--{\/content}-->\n            <\/div>\n        <\/div>\n    <\/div>\n    <!--[\/separator]-->\n\n    \n\t\n\t\t    <!--[text]-->\n                <h5 class=\" additional-class-1923454581  bd-content-element\">\n            <!--{content}-->\n                <b style=\"text-align: left;\" class=\"fs13\"><b>Having got married <br>on 13 June 2025:<\/b><\/b>            <!--{\/content}-->\n        <\/h5>\n    <!--[\/text]-->\n                    <!--{\/content}-->\n                <\/div>\n            <\/div>\n        <\/div>\n    <!--[\/column]-->\n\n\t\n\t\t    <!--[column]-->\n        <div class=\"col-md-4 col-sm-6 bd-columnwrapper-1979157675\">\n            <div class=\"bd-column  bd-layoutcolumn-1979157675 \">\n                <div class=\"bd-vertical-align-wrapper\">\n                    <!--{content}-->\n                        <!--[image]--><style>\n.additional-class-1411718940{width:367px;}<\/style><img decoding=\"async\" src=\"https:\/\/herbordsburg-pudel.de\/wp-content\/uploads\/2025\/08\/476eaa2891aabd880db16a56f0437b22_denali.jpeg\" class=\" additional-class-1411718940   bd-imagestyles bd-own-margins\"><!--{content}--><!--{\/content}--><!--[\/image]-->\n\t\n\t\t    <!--[text]-->\n                <h2 class=\" additional-class-1107494920  bd-content-element\">\n            <!--{content}-->\n                Denali von der Herbordsburg            <!--{\/content}-->\n        <\/h2>\n    <!--[\/text]-->\n\n\t\n\t\t\n    <!--[separator]-->\n    <style>\n.bd-separator-503253080{padding-bottom:10px;}<\/style>        <style>\n.bd-separator-503253080 .bd-separator-inner:before, .bd-separator-503253080 .bd-separator-inner:after{display:inline-block;border-bottom:2px solid #000000;}<\/style>    <style>\n.bd-separator-503253080 .bd-separator-inner{width:60px;}<\/style>\n    <div class=\" bd-separator-503253080  bd-separator-center bd-separator-content-center clearfix\">\n        <div class=\"bd-container-inner\">\n            <div class=\"bd-separator-inner\">\n                                <!--{content}--><!--{\/content}-->\n            <\/div>\n        <\/div>\n    <\/div>\n    <!--[\/separator]-->\n\n    \n\t\n\t\t    <!--[text]-->\n        <style>\n.additional-class-2017706339{background-color:#fce9e9;margin:10px;}<\/style>        <p class=\" additional-class-2017706339  bd-no-margins bd-content-element\">\n            <!--{content}-->\n                42\/44 cm<br>Auge ok, PL-frei, prcd-PRA A<br>vWD1 N\/N, DM N\/N, NE N\/N<br><br><br><br><a href=\"https:\/\/herbordsburg-pudel.de\/deahnentafel-denali-von-der-herbordsburggbpedigree-denali-von-der-herbordsburg\/\">Ahnentafel - Pedigree <\/a><br>            <!--{\/content}-->\n        <\/p>\n    <!--[\/text]-->\n                    <!--{\/content}-->\n                <\/div>\n            <\/div>\n        <\/div>\n    <!--[\/column]-->\n                        <!--{\/content}-->\n                    <\/div>\n                <\/div>\n            <\/div>\n        <\/div>\n    <!--[\/columns]-->\n\t\t\t\t<!--{\/content}-->\n\t\t\t<\/div>\n\t\t<\/section>\n\t<!--[\/section]-->\n        <!--{\/content}-->\n    <!--[\/animation]-->\n\n    \n    <!--[section]-->\n\t\t\t\t<section id=section4 class=\" bd-section-74245748  bd-tagstyles\" data-section-title=\"Section\">\n\t\t\t<div class=\"bd-container-inner bd-margins clearfix\">\n\t\t\t\t<!--{content}-->\n\t\t\t\t\t    <!--[columns]-->\n        <style>\n.bd-layoutcontainer-1213998850  > .bd-container-inner > .container-fluid:after{display:none;}<\/style><style>.bd-layoutcontainer-1213998850 > .bd-container-inner > .container-fluid {padding-left: 0; padding-right: 0;}<\/style>        <style>\n.bd-layoutcolumn-189135624{\n\ttext-align:  center;\n}\n\n\n.bd-layoutcolumn-1123648615{\n\ttext-align:  center;\n}\n<\/style>        <div class=\" bd-layoutcontainer-1213998850  bd-columns bd-no-margins\">\n            <div class=\"bd-container-inner\">\n                <div class=\"container-fluid\">\n                    <div class=\"row\">\n                        <!--{content}-->\n                                <!--[column]-->\n        <div class=\"col-sm-6 bd-columnwrapper-189135624\">\n            <div class=\"bd-column  bd-layoutcolumn-189135624 \">\n                <div class=\"bd-vertical-align-wrapper\">\n                    <!--{content}-->\n                        <!--[image]--><style>\n.additional-class-1667399395{padding-top:10px;padding-bottom:10px;width:50%;}<\/style><img decoding=\"async\" src=\"https:\/\/herbordsburg-pudel.de\/wp-content\/uploads\/2025\/08\/5d652a610466a6dc37a021fb28af5d1b_heart.gif\" class=\" additional-class-1667399395   bd-imagestyles bd-own-margins\"><!--{content}--><!--{\/content}--><!--[\/image]-->                    <!--{\/content}-->\n                <\/div>\n            <\/div>\n        <\/div>\n    <!--[\/column]-->\n\n\t\n\t\t    <!--[column]-->\n        <div class=\"col-sm-6 bd-columnwrapper-1123648615\">\n            <div class=\"bd-column  bd-layoutcolumn-1123648615 \">\n                <div class=\"bd-vertical-align-wrapper\">\n                    <!--{content}-->\n                        <!--[image]--><style>\n.additional-class-1433874103{padding-top:10px;padding-bottom:10px;width:50%;}<\/style><img decoding=\"async\" src=\"https:\/\/herbordsburg-pudel.de\/wp-content\/uploads\/2025\/08\/5d652a610466a6dc37a021fb28af5d1b_heart.gif\" class=\" additional-class-1433874103   bd-imagestyles bd-own-margins\"><!--{content}--><!--{\/content}--><!--[\/image]-->                    <!--{\/content}-->\n                <\/div>\n            <\/div>\n        <\/div>\n    <!--[\/column]-->\n                        <!--{\/content}-->\n                    <\/div>\n                <\/div>\n            <\/div>\n        <\/div>\n    <!--[\/columns]-->\n\t\t\t\t<!--{\/content}-->\n\t\t\t<\/div>\n\t\t<\/section>\n\t<!--[\/section]-->\n\n    <!--[section]-->\n\t\t\t\t<section id=section11 class=\" bd-section-1331726859  bd-tagstyles\" data-section-title=\"Section\">\n\t\t\t<div class=\"bd-container-inner bd-margins clearfix\">\n\t\t\t\t<!--{content}-->\n\t\t\t\t\t    <!--[text]-->\n        <style>\n.additional-class-1148464811{\n\ttext-align:  center;\n}\n<\/style>        <p class=\" additional-class-1148464811  bd-content-element\">\n            <!--{content}-->\n                Am 16.08.2025 hat Denali 6 Babys zur Welt gebracht. Es sind ein s\u00fc\u00dfer kleiner Junge und 5 zuckers\u00fc\u00dfe M\u00e4dchen . Allen Kleinen und der Mama geht es gut. Die Geburt ist normal abgelaufen, hat nur etwas l\u00e4nger gedauert, sprich: es ging die ganze Nacht durch. Ich hatte zum Schlu\u00df schon M\u00fche, mich wach zu halten. Aber aller Einsatz von Denali und auch von mir hat sich gelohnt. Die kleinen Wonneproppen sind goldig.<br style=\"text-align: center;\">Die M\u00e4dchen haben fast alle eine Gr\u00f6\u00dfe, also das gleiche Gewicht bis auf ein paar Gramm Unterschied. Der kleine \"Pistolentr\u00e4ger\" wiegt etwas weniger. Er schl\u00e4gt sich aber tapfer lm Kampf um den besten Milchzapfhahn bei Mama. Ich unterst\u00fctze ihn dabei so oft es geht.            <!--{\/content}-->\n        <\/p>\n    <!--[\/text]-->\n\n\t\n\t\t\n    <!--[separator]-->\n    <style>\n.bd-separator-971081468{padding:10px 0px;}<\/style>        <style>\n.bd-separator-971081468 .bd-separator-inner:before, .bd-separator-971081468 .bd-separator-inner:after{border-top:1px solid #dddddd;}<\/style>    <style>\n.bd-separator-971081468 .bd-separator-inner{width:75%;}<\/style>\n    <div class=\" bd-separator-971081468  bd-separator-center bd-separator-content-center clearfix\">\n        <div class=\"bd-container-inner\">\n            <div class=\"bd-separator-inner\">\n                                <!--{content}--><!--{\/content}-->\n            <\/div>\n        <\/div>\n    <\/div>\n    <!--[\/separator]-->\n\n    \t\t\t\t<!--{\/content}-->\n\t\t\t<\/div>\n\t\t<\/section>\n\t<!--[\/section]-->\n\n    <!--[section]-->\n\t\t\t\t<section id=section13 class=\" bd-section-607457712  bd-tagstyles\" data-section-title=\"3 Columns\">\n\t\t\t<div class=\"bd-container-inner bd-margins clearfix\">\n\t\t\t\t<!--{content}-->\n\t\t\t\t\t    <!--[columns]-->\n        <style>\n.bd-layoutcontainer-1523793951  > .bd-container-inner > .container-fluid:after{display:none;}<\/style><style>.bd-layoutcontainer-1523793951 > .bd-container-inner > .container-fluid {padding-left: 0; padding-right: 0;}<\/style>        <style>\n.bd-layoutcolumn-1511619021{position:relative;}<\/style>        <div class=\" bd-layoutcontainer-1523793951  bd-columns bd-no-margins\">\n            <div class=\"bd-container-inner\">\n                <div class=\"container-fluid\">\n                    <div class=\"row\">\n                        <!--{content}-->\n                                <!--[column]-->\n        <div class=\"col-sm-4 bd-columnwrapper-2111958770\">\n            <div class=\"bd-column  bd-layoutcolumn-2111958770 \">\n                <div class=\"bd-vertical-align-wrapper\">\n                    <!--{content}-->\n                        <!--[image]--><style>\n.additional-class-1469896159{width:100%;}<\/style><img decoding=\"async\" src=\"https:\/\/herbordsburg-pudel.de\/wp-content\/uploads\/2025\/08\/ce2ce5d9145706f6c654829fae7984ba_mama.jpeg\" class=\" additional-class-1469896159   bd-imagestyles bd-own-margins\"><!--{content}--><!--{\/content}--><!--[\/image]-->                    <!--{\/content}-->\n                <\/div>\n            <\/div>\n        <\/div>\n    <!--[\/column]-->\n\n\t\n\t\t    <!--[column]-->\n        <div class=\"col-sm-4 bd-columnwrapper-1422404168\">\n            <div class=\"bd-column  bd-layoutcolumn-1422404168 \">\n                <div class=\"bd-vertical-align-wrapper\">\n                    <!--{content}-->\n                        <!--[image]--><style>\n.additional-class-1804848965{width:100%;}<\/style><img decoding=\"async\" src=\"https:\/\/herbordsburg-pudel.de\/wp-content\/uploads\/2025\/08\/6b17a94d327fff1605c24c32c3588058_mama3.jpeg\" class=\" additional-class-1804848965   bd-imagestyles bd-own-margins\"><!--{content}--><!--{\/content}--><!--[\/image]-->                    <!--{\/content}-->\n                <\/div>\n            <\/div>\n        <\/div>\n    <!--[\/column]-->\n\n\t\n\t\t    <!--[column]-->\n        <div class=\"col-sm-4 bd-columnwrapper-1511619021\">\n            <div class=\"bd-column  bd-layoutcolumn-1511619021 \">\n                <div class=\"bd-vertical-align-wrapper\">\n                    <!--{content}-->\n                        <!--[image]--><style>\n.additional-class-267077293{width:100%;}<\/style><img decoding=\"async\" src=\"https:\/\/herbordsburg-pudel.de\/wp-content\/uploads\/2025\/08\/a64d25ae93c596d9955241965d9d0fd7_mama2.jpeg\" class=\" additional-class-267077293   bd-imagestyles bd-own-margins\"><!--{content}--><!--{\/content}--><!--[\/image]-->                    <!--{\/content}-->\n                <\/div>\n            <\/div>\n        <\/div>\n    <!--[\/column]-->\n                        <!--{\/content}-->\n                    <\/div>\n                <\/div>\n            <\/div>\n        <\/div>\n    <!--[\/columns]-->\n\t\t\t\t<!--{\/content}-->\n\t\t\t<\/div>\n\t\t<\/section>\n\t<!--[\/section]-->\n\n\n    <!--[separator]-->\n    <style>\n.bd-separator-1334916001{padding:20px 0px;}<\/style>        <style>\n.bd-separator-1334916001 .bd-separator-inner:before, .bd-separator-1334916001 .bd-separator-inner:after{border-top:1px solid #800000;border-bottom:1px solid #800000;}<\/style>    <style>\n.bd-separator-1334916001 .bd-separator-inner{width:75%;}<\/style>\n    <div class=\" bd-separator-1334916001  bd-separator-center bd-separator-content-center clearfix\">\n        <div class=\"bd-container-inner\">\n            <div class=\"bd-separator-inner\">\n                                <!--{content}--><!--{\/content}-->\n            <\/div>\n        <\/div>\n    <\/div>\n    <!--[\/separator]-->\n\n    \n    <!--[section]-->\n\t\t\t\t<section id=section19 class=\" bd-section-313681514  bd-tagstyles\" data-section-title=\"2 Columns\">\n\t\t\t<div class=\"bd-container-inner bd-margins clearfix\">\n\t\t\t\t<!--{content}-->\n\t\t\t\t\t    <!--[columns]-->\n        <style>\n.bd-layoutcontainer-192858229  > .bd-container-inner > .container-fluid:after{display:none;}<\/style><style>.bd-layoutcontainer-192858229 > .bd-container-inner > .container-fluid {padding-left: 0; padding-right: 0;}<\/style>        <style>\n.bd-layoutcolumn-1226088299{position:relative;}<\/style>        <div class=\" bd-layoutcontainer-192858229  bd-columns bd-no-margins\">\n            <div class=\"bd-container-inner\">\n                <div class=\"container-fluid\">\n                    <div class=\"row\">\n                        <!--{content}-->\n                                <!--[column]-->\n        <div class=\"col-sm-6 bd-columnwrapper-1488302239\">\n            <div class=\"bd-column  bd-layoutcolumn-1488302239 \">\n                <div class=\"bd-vertical-align-wrapper\">\n                    <!--{content}-->\n                            <!--[text]-->\n        <style>\nh1.additional-class-362473245{\n\tline-height:  42.85714287px;\n\ttext-align:  center;\n\tfont-size:  30px;\n}\n<\/style>        <h1 class=\" additional-class-362473245  bd-content-element\">\n            <!--{content}-->\n                M\u00e4dchen            <!--{\/content}-->\n        <\/h1>\n    <!--[\/text]-->\n\n\t\n\t\t<!--[image]--><style>\n.additional-class-379841554{width:100%;}<\/style><img decoding=\"async\" src=\"https:\/\/herbordsburg-pudel.de\/wp-content\/uploads\/2025\/08\/64af3926b2642a38e1d36e53c28c04f7_maedchen.jpeg\" class=\" additional-class-379841554   bd-imagestyles bd-own-margins\"><!--{content}--><!--{\/content}--><!--[\/image]-->                    <!--{\/content}-->\n                <\/div>\n            <\/div>\n        <\/div>\n    <!--[\/column]-->\n\n\t\n\t\t    <!--[column]-->\n        <div class=\"col-sm-6 bd-columnwrapper-1226088299\">\n            <div class=\"bd-column  bd-layoutcolumn-1226088299 \">\n                <div class=\"bd-vertical-align-wrapper\">\n                    <!--{content}-->\n                            <!--[text]-->\n        <style>\nh1.additional-class-2009610317{\n\tline-height:  42.85714287px;\n\ttext-align:  center;\n\tfont-size:  30px;\n}\n<\/style>        <h1 class=\" additional-class-2009610317  bd-content-element\">\n            <!--{content}-->\n                Junge            <!--{\/content}-->\n        <\/h1>\n    <!--[\/text]-->\n\n\t\n\t\t<!--[image]--><style>\n.additional-class-551586387{width:100%;}<\/style><img decoding=\"async\" src=\"https:\/\/herbordsburg-pudel.de\/wp-content\/uploads\/2025\/08\/e784d06608ce7ff6dc19c0dc5db34de5_junge.jpeg\" class=\" additional-class-551586387   bd-imagestyles bd-own-margins\"><!--{content}--><!--{\/content}--><!--[\/image]-->                    <!--{\/content}-->\n                <\/div>\n            <\/div>\n        <\/div>\n    <!--[\/column]-->\n                        <!--{\/content}-->\n                    <\/div>\n                <\/div>\n            <\/div>\n        <\/div>\n    <!--[\/columns]-->\n\t\t\t\t<!--{\/content}-->\n\t\t\t<\/div>\n\t\t<\/section>\n\t<!--[\/section]-->\n\n","protected":false},"excerpt":{"rendered":"","protected":false},"author":1,"featured_media":0,"parent":0,"menu_order":0,"comment_status":"closed","ping_status":"closed","template":"","meta":{"footnotes":""},"class_list":["post-93","page","type-page","status-publish","hentry"],"translation":{"provider":"WPGlobus","version":"3.0.0","language":"gb","enabled_languages":["de","gb"],"languages":{"de":{"title":true,"content":true,"excerpt":false},"gb":{"title":true,"content":false,"excerpt":false}}},"jetpack_sharing_enabled":true,"_links":{"self":[{"href":"https:\/\/herbordsburg-pudel.de\/gb\/wp-json\/wp\/v2\/pages\/93","targetHints":{"allow":["GET"]}}],"collection":[{"href":"https:\/\/herbordsburg-pudel.de\/gb\/wp-json\/wp\/v2\/pages"}],"about":[{"href":"https:\/\/herbordsburg-pudel.de\/gb\/wp-json\/wp\/v2\/types\/page"}],"author":[{"embeddable":true,"href":"https:\/\/herbordsburg-pudel.de\/gb\/wp-json\/wp\/v2\/users\/1"}],"replies":[{"embeddable":true,"href":"https:\/\/herbordsburg-pudel.de\/gb\/wp-json\/wp\/v2\/comments?post=93"}],"version-history":[{"count":9,"href":"https:\/\/herbordsburg-pudel.de\/gb\/wp-json\/wp\/v2\/pages\/93\/revisions"}],"predecessor-version":[{"id":2304,"href":"https:\/\/herbordsburg-pudel.de\/gb\/wp-json\/wp\/v2\/pages\/93\/revisions\/2304"}],"wp:attachment":[{"href":"https:\/\/herbordsburg-pudel.de\/gb\/wp-json\/wp\/v2\/media?parent=93"}],"curies":[{"name":"wp","href":"https:\/\/api.w.org\/{rel}","templated":true}]}}