{"id":453,"date":"2020-08-16T11:58:20","date_gmt":"2020-08-16T09:58:20","guid":{"rendered":"http:\/\/herbordsburg-pudel-neubrandenburg.de\/?page_id=453"},"modified":"2020-08-16T11:59:25","modified_gmt":"2020-08-16T09:59:25","slug":"ahnentafel-arwen-von-der-herbordsburg","status":"publish","type":"page","link":"https:\/\/herbordsburg-pudel.de\/gb\/ahnentafel-arwen-von-der-herbordsburg\/","title":{"rendered":"Pedigree Arwen von der Herbordsburg"},"content":{"rendered":"\n<table cols=\"3\" cellspacing=\"0\" border=\"1\" width=\"100%\" height=\"100%\">\n  <tr>\n    <td style=\"border-top: 1px solid #000000; border-bottom: 1px solid #000000; border-left: 1px solid #000000; border-right: 1px solid #000000\" rowspan=\"4\" height=\"85\" align=\"LEFT\">\n    Champ. Cody von der Herbordsburg<\/td>\n    <td style=\"border-top: 1px solid #000000; border-bottom: 1px solid #000000; border-left: 1px solid #000000; border-right: 1px solid #000000\" rowspan=\"2\" align=\"LEFT\">\n    Ch. Madari Royal Sand Baghira<\/td>\n    <td style=\"border-top: 1px solid #000000; border-bottom: 1px solid #000000; border-left: 1px solid #000000; border-right: 1px solid #000000\" align=\"LEFT\">\n    Ch. Quan aus dem Schneckenhaus<\/td>\n  <\/tr>\n  <tr>\n    <td style=\"border-top: 1px solid #000000; border-bottom: 1px solid #000000; border-left: 1px solid #000000; border-right: 1px solid #000000\" align=\"LEFT\">\n    Ch. Golden Salome von Haithabu<\/td>\n  <\/tr>\n  <tr>\n    <td style=\"border-top: 1px solid #000000; border-bottom: 1px solid #000000; border-left: 1px solid #000000; border-right: 1px solid #000000\" rowspan=\"2\" align=\"LEFT\">\n    Ch. Anjuli von der Herbordsburg<\/td>\n    <td style=\"border-top: 1px solid #000000; border-bottom: 1px solid #000000; border-left: 1px solid #000000; border-right: 1px solid #000000\" align=\"LEFT\">\n    Ch. Gero von der Bollensdorfer H\u00f6h<\/td>\n  <\/tr>\n  <tr>\n    <td style=\"border-top: 1px solid #000000; border-bottom: 1px solid #000000; border-left: 1px solid #000000; border-right: 1px solid #000000\" align=\"LEFT\">\n    Gr\u00e4fin vom Schw\u00e4rzetal<\/td>\n  <\/tr>\n  <tr>\n    <td style=\"border-top: 1px solid #000000; border-bottom: 1px solid #000000; border-left: 1px solid #000000; border-right: 1px solid #000000\" rowspan=\"4\" height=\"85\" align=\"LEFT\">\n    Champ.Virginia von der Herbordsburg<\/td>\n    <td style=\"border-top: 1px solid #000000; border-bottom: 1px solid #000000; border-left: 1px solid #000000; border-right: 1px solid #000000\" rowspan=\"2\" align=\"LEFT\">\n    &nbsp;Ch. Barclay Lyca oh ! Henri<\/td>\n    <td style=\"border-top: 1px solid #000000; border-bottom: 1px solid #000000; border-left: 1px solid #000000; border-right: 1px solid #000000\" align=\"LEFT\">\n    Ch. Lyca Ransom of Red Chief<\/td>\n  <\/tr>\n  <tr>\n    <td style=\"border-top: 1px solid #000000; border-bottom: 1px solid #000000; border-left: 1px solid #000000; border-right: 1px solid #000000\" align=\"LEFT\">\n    Simi Lyca Wild Thing<\/td>\n  <\/tr>\n  <tr>\n    <td style=\"border-top: 1px solid #000000; border-bottom: 1px solid #000000; border-left: 1px solid #000000; border-right: 1px solid #000000\" rowspan=\"2\" align=\"LEFT\">\n    &nbsp;Ch. Isabohe von der Herbordsburg<\/td>\n    <td style=\"border-top: 1px solid #000000; border-bottom: 1px solid #000000; border-left: 1px solid #000000; border-right: 1px solid #000000\" align=\"LEFT\">\n    Ch. Ole aus dem Schneckenhaus<\/td>\n  <\/tr>\n  <tr>\n    <td style=\"border-top: 1px solid #000000; border-bottom: 1px solid #000000; border-left: 1px solid #000000; border-right: 1px solid #000000\" align=\"LEFT\">\n    Ch. Belinda von der Herbordsburg<\/td>\n  <\/tr>\n<\/table>\n","protected":false},"excerpt":{"rendered":"<p>Champ. Cody von der Herbordsburg Ch. Madari Royal Sand Baghira Ch. Quan aus dem Schneckenhaus Ch. Golden Salome von Haithabu Ch. Anjuli von der Herbordsburg Ch. Gero von der Bollensdorfer H\u00f6h Gr\u00e4fin vom Schw\u00e4rzetal Champ.Virginia von der Herbordsburg &nbsp;Ch. Barclay Lyca oh ! Henri Ch. Lyca Ransom of Red Chief Simi Lyca Wild Thing &nbsp;Ch. [&hellip;]<\/p>\n","protected":false},"author":1,"featured_media":454,"parent":0,"menu_order":0,"comment_status":"closed","ping_status":"closed","template":"","meta":{"footnotes":""},"class_list":["post-453","page","type-page","status-publish","has-post-thumbnail","hentry"],"translation":{"provider":"WPGlobus","version":"3.0.0","language":"gb","enabled_languages":["de","gb"],"languages":{"de":{"title":true,"content":true,"excerpt":false},"gb":{"title":true,"content":false,"excerpt":false}}},"jetpack_sharing_enabled":true,"_links":{"self":[{"href":"https:\/\/herbordsburg-pudel.de\/gb\/wp-json\/wp\/v2\/pages\/453","targetHints":{"allow":["GET"]}}],"collection":[{"href":"https:\/\/herbordsburg-pudel.de\/gb\/wp-json\/wp\/v2\/pages"}],"about":[{"href":"https:\/\/herbordsburg-pudel.de\/gb\/wp-json\/wp\/v2\/types\/page"}],"author":[{"embeddable":true,"href":"https:\/\/herbordsburg-pudel.de\/gb\/wp-json\/wp\/v2\/users\/1"}],"replies":[{"embeddable":true,"href":"https:\/\/herbordsburg-pudel.de\/gb\/wp-json\/wp\/v2\/comments?post=453"}],"version-history":[{"count":0,"href":"https:\/\/herbordsburg-pudel.de\/gb\/wp-json\/wp\/v2\/pages\/453\/revisions"}],"wp:featuredmedia":[{"embeddable":true,"href":"https:\/\/herbordsburg-pudel.de\/gb\/wp-json\/wp\/v2\/media\/454"}],"wp:attachment":[{"href":"https:\/\/herbordsburg-pudel.de\/gb\/wp-json\/wp\/v2\/media?parent=453"}],"curies":[{"name":"wp","href":"https:\/\/api.w.org\/{rel}","templated":true}]}}