{"id":427,"date":"2020-08-16T11:40:51","date_gmt":"2020-08-16T09:40:51","guid":{"rendered":"http:\/\/herbordsburg-pudel-neubrandenburg.de\/?page_id=427"},"modified":"2020-08-16T11:42:16","modified_gmt":"2020-08-16T09:42:16","slug":"ahnentafel-cody-von-der-herbordsburg","status":"publish","type":"page","link":"https:\/\/herbordsburg-pudel.de\/gb\/ahnentafel-cody-von-der-herbordsburg\/","title":{"rendered":"Pedigree Cody von der Herbordsburg"},"content":{"rendered":"\n<table cols=\"3\" cellspacing=\"0\" border=\"1\" width=\"100%\" height=\"100%\">\n  <tr>\n    <td style=\"border-top: 1px solid #000000; border-bottom: 1px solid #000000; border-left: 1px solid #000000; border-right: 1px solid #000000\" rowspan=\"4\" height=\"85\" align=\"LEFT\">\n    Champ. Madari Royal Sand Baghira<\/td>\n    <td style=\"border-top: 1px solid #000000; border-bottom: 1px solid #000000; border-left: 1px solid #000000; border-right: 1px solid #000000\" rowspan=\"2\" align=\"LEFT\">\n    Ch. Quan aus dem Schneckenhaus<\/td>\n    <td style=\"border-top: 1px solid #000000; border-bottom: 1px solid #000000; border-left: 1px solid #000000; border-right: 1px solid #000000\" align=\"LEFT\">\n    Ch. Gardencourt\u00b4s Bronze Chieftain <\/td>\n  <\/tr>\n  <tr>\n    <td style=\"border-top: 1px solid #000000; border-bottom: 1px solid #000000; border-left: 1px solid #000000; border-right: 1px solid #000000\" align=\"LEFT\">\n    Leatitia aus dem Schneckenhaus<\/td>\n  <\/tr>\n  <tr>\n    <td style=\"border-top: 1px solid #000000; border-bottom: 1px solid #000000; border-left: 1px solid #000000; border-right: 1px solid #000000\" rowspan=\"2\" align=\"LEFT\">\n    Ch. Golden Salome\u2019 von Haithabu\u201a<\/td>\n    <td style=\"border-top: 1px solid #000000; border-bottom: 1px solid #000000; border-left: 1px solid #000000; border-right: 1px solid #000000\" align=\"LEFT\">\n    Ch. Mr. Yellow-Fellow<\/td>\n  <\/tr>\n  <tr>\n    <td style=\"border-top: 1px solid #000000; border-bottom: 1px solid #000000; border-left: 1px solid #000000; border-right: 1px solid #000000\" align=\"LEFT\">\n    Ch. Trollvikens Apricot Emma<\/td>\n  <\/tr>\n  <tr>\n    <td style=\"border-top: 1px solid #000000; border-bottom: 1px solid #000000; border-left: 1px solid #000000; border-right: 1px solid #000000\" rowspan=\"4\" height=\"85\" align=\"LEFT\">\n    Champ. Anjuli von der Herbordsburg<\/td>\n    <td style=\"border-top: 1px solid #000000; border-bottom: 1px solid #000000; border-left: 1px solid #000000; border-right: 1px solid #000000\" rowspan=\"2\" align=\"LEFT\">\n    &nbsp;Ch. Gero von der Bollensdorfer H\u00f6h<\/td>\n    <td style=\"border-top: 1px solid #000000; border-bottom: 1px solid #000000; border-left: 1px solid #000000; border-right: 1px solid #000000\" align=\"LEFT\">\n    Ch. Bubi von Haus Lindenberg<\/td>\n  <\/tr>\n  <tr>\n    <td style=\"border-top: 1px solid #000000; border-bottom: 1px solid #000000; border-left: 1px solid #000000; border-right: 1px solid #000000\" align=\"LEFT\">\n    Wilbi aus dem Serail<\/td>\n  <\/tr>\n  <tr>\n    <td style=\"border-top: 1px solid #000000; border-bottom: 1px solid #000000; border-left: 1px solid #000000; border-right: 1px solid #000000\" rowspan=\"2\" align=\"LEFT\">\n    Gr\u00e4fin vom Schw\u00e4rzetal<\/td>\n    <td style=\"border-top: 1px solid #000000; border-bottom: 1px solid #000000; border-left: 1px solid #000000; border-right: 1px solid #000000\" align=\"LEFT\">\n    Koko von der Jog\u00fcndi-Scholle<\/td>\n  <\/tr>\n  <tr>\n    <td style=\"border-top: 1px solid #000000; border-bottom: 1px solid #000000; border-left: 1px solid #000000; border-right: 1px solid #000000\" align=\"LEFT\">\n    Salome aus dem Serail<\/td>\n  <\/tr>\n<\/table>\n","protected":false},"excerpt":{"rendered":"<p>Champ. Madari Royal Sand Baghira Ch. Quan aus dem Schneckenhaus Ch. Gardencourt\u00b4s Bronze Chieftain Leatitia aus dem Schneckenhaus Ch. Golden Salome\u2019 von Haithabu\u201a Ch. Mr. Yellow-Fellow Ch. Trollvikens Apricot Emma Champ. Anjuli von der Herbordsburg &nbsp;Ch. Gero von der Bollensdorfer H\u00f6h Ch. Bubi von Haus Lindenberg Wilbi aus dem Serail Gr\u00e4fin vom Schw\u00e4rzetal Koko von [&hellip;]<\/p>\n","protected":false},"author":1,"featured_media":428,"parent":0,"menu_order":0,"comment_status":"closed","ping_status":"closed","template":"","meta":{"footnotes":""},"class_list":["post-427","page","type-page","status-publish","has-post-thumbnail","hentry"],"translation":{"provider":"WPGlobus","version":"3.0.0","language":"gb","enabled_languages":["de","gb"],"languages":{"de":{"title":true,"content":true,"excerpt":false},"gb":{"title":true,"content":false,"excerpt":false}}},"jetpack_sharing_enabled":true,"_links":{"self":[{"href":"https:\/\/herbordsburg-pudel.de\/gb\/wp-json\/wp\/v2\/pages\/427","targetHints":{"allow":["GET"]}}],"collection":[{"href":"https:\/\/herbordsburg-pudel.de\/gb\/wp-json\/wp\/v2\/pages"}],"about":[{"href":"https:\/\/herbordsburg-pudel.de\/gb\/wp-json\/wp\/v2\/types\/page"}],"author":[{"embeddable":true,"href":"https:\/\/herbordsburg-pudel.de\/gb\/wp-json\/wp\/v2\/users\/1"}],"replies":[{"embeddable":true,"href":"https:\/\/herbordsburg-pudel.de\/gb\/wp-json\/wp\/v2\/comments?post=427"}],"version-history":[{"count":0,"href":"https:\/\/herbordsburg-pudel.de\/gb\/wp-json\/wp\/v2\/pages\/427\/revisions"}],"wp:featuredmedia":[{"embeddable":true,"href":"https:\/\/herbordsburg-pudel.de\/gb\/wp-json\/wp\/v2\/media\/428"}],"wp:attachment":[{"href":"https:\/\/herbordsburg-pudel.de\/gb\/wp-json\/wp\/v2\/media?parent=427"}],"curies":[{"name":"wp","href":"https:\/\/api.w.org\/{rel}","templated":true}]}}