{"id":336,"date":"2020-08-16T08:11:14","date_gmt":"2020-08-16T06:11:14","guid":{"rendered":"http:\/\/herbordsburg-pudel-neubrandenburg.de\/?page_id=336"},"modified":"2020-08-16T08:28:26","modified_gmt":"2020-08-16T06:28:26","slug":"ahnentafel-orsino","status":"publish","type":"page","link":"https:\/\/herbordsburg-pudel.de\/gb\/ahnentafel-orsino\/","title":{"rendered":"Pedigree Orsino"},"content":{"rendered":"\n<table cols=\"3\" cellspacing=\"0\" border=\"1\" width=\"100%\" height=\"100%\" style=\"border-collapse: collapse\" bordercolor=\"#111111\" cellpadding=\"0\">\n  <tr>\n    <td style=\"border-top: 1px solid #000000; border-bottom: 1px solid #000000; border-left: 1px solid #000000; border-right: 1px solid #000000\" rowspan=\"4\" height=\"106\" align=\"CENTER\">\n    Champ. Indy von der Herbordsburg<\/td>\n    <td style=\"border-top: 1px solid #000000; border-bottom: 1px solid #000000; border-left: 1px solid #000000; border-right: 1px solid #000000\" rowspan=\"2\" align=\"LEFT\">\n    Champ. Ole aus dem Schneckenhaus<\/td>\n    <td style=\"border-top: 1px solid #000000; border-bottom: 1px solid #000000; border-left: 1px solid #000000; border-right: 1px solid #000000\" align=\"LEFT\">\n    Ch. Mr. Yelow-Fellow <\/td>\n  <\/tr>\n  <tr>\n    <td style=\"border-top: 1px solid #000000; border-bottom: 1px solid #000000; border-left: 1px solid #000000; border-right: 1px solid #000000\" align=\"LEFT\">\n    Ch. Gardencourt\u00b4s Autum Leaves<\/td>\n  <\/tr>\n  <tr>\n    <td style=\"border-top: 1px solid #000000; border-bottom: 1px solid #000000; border-left: 1px solid #000000; border-right: 1px solid #000000\" rowspan=\"2\" align=\"LEFT\">\n    Champ. Belinda von der Herbordsburg<\/td>\n    <td style=\"border-top: 1px solid #000000; border-bottom: 1px solid #000000; border-left: 1px solid #000000; border-right: 1px solid #000000\" align=\"LEFT\">\n    Ch. Gero von der Bollensdorfer H\u00f6h<\/td>\n  <\/tr>\n  <tr>\n    <td style=\"border-top: 1px solid #000000; border-bottom: 1px solid #000000; border-left: 1px solid #000000; border-right: 1px solid #000000\" align=\"LEFT\">\n    Gr\u00e4fin vom Schw\u00e4rzetal<\/td>\n  <\/tr>\n  <tr>\n    <td style=\"border-top: 1px solid #000000; border-bottom: 1px solid #000000; border-left: 1px solid #000000; border-right: 1px solid #000000\" rowspan=\"4\" height=\"86\" align=\"CENTER\">\n    Champ. Corry von der Herbordsburg<\/td>\n    <td style=\"border-top: 1px solid #000000; border-bottom: 1px solid #000000; border-left: 1px solid #000000; border-right: 1px solid #000000\" rowspan=\"2\" align=\"LEFT\">\n    &nbsp;Champ. Madari Royal Sand Baghira<\/td>\n    <td style=\"border-top: 1px solid #000000; border-bottom: 1px solid #000000; border-left: 1px solid #000000; border-right: 1px solid #000000\" align=\"LEFT\">\n    Ch.Quan aus dem Schneckenhaus<\/td>\n  <\/tr>\n  <tr>\n    <td style=\"border-top: 1px solid #000000; border-bottom: 1px solid #000000; border-left: 1px solid #000000; border-right: 1px solid #000000\" align=\"LEFT\">\n    Ch. Golden Salome\u00b4von Haithabu<\/td>\n  <\/tr>\n  <tr>\n    <td style=\"border-top: 1px solid #000000; border-bottom: 1px solid #000000; border-left: 1px solid #000000; border-right: 1px solid #000000\" rowspan=\"2\" align=\"LEFT\">\n    &nbsp;Champ. Anjuli von der Herbordsburg<\/td>\n    <td style=\"border-top: 1px solid #000000; border-bottom: 1px solid #000000; border-left: 1px solid #000000; border-right: 1px solid #000000\" align=\"LEFT\">\n    Ch. Gero von der Bollensdorfer H\u00f6h<\/td>\n  <\/tr>\n  <tr>\n    <td style=\"border-top: 1px solid #000000; border-bottom: 1px solid #000000; border-left: 1px solid #000000; border-right: 1px solid #000000\" align=\"LEFT\">\n    Gr\u00e4fin vom Schw\u00e4rzetal<\/td>\n  <\/tr>\n<\/table>\n","protected":false},"excerpt":{"rendered":"<p>Champ. Indy von der Herbordsburg Champ. Ole aus dem Schneckenhaus Ch. Mr. Yelow-Fellow Ch. Gardencourt\u00b4s Autum Leaves Champ. Belinda von der Herbordsburg Ch. Gero von der Bollensdorfer H\u00f6h Gr\u00e4fin vom Schw\u00e4rzetal Champ. Corry von der Herbordsburg &nbsp;Champ. Madari Royal Sand Baghira Ch.Quan aus dem Schneckenhaus Ch. Golden Salome\u00b4von Haithabu &nbsp;Champ. Anjuli von der Herbordsburg Ch. [&hellip;]<\/p>\n","protected":false},"author":1,"featured_media":357,"parent":0,"menu_order":0,"comment_status":"closed","ping_status":"closed","template":"","meta":{"footnotes":""},"class_list":["post-336","page","type-page","status-publish","has-post-thumbnail","hentry"],"translation":{"provider":"WPGlobus","version":"3.0.0","language":"gb","enabled_languages":["de","gb"],"languages":{"de":{"title":true,"content":true,"excerpt":false},"gb":{"title":true,"content":false,"excerpt":false}}},"jetpack_sharing_enabled":true,"_links":{"self":[{"href":"https:\/\/herbordsburg-pudel.de\/gb\/wp-json\/wp\/v2\/pages\/336","targetHints":{"allow":["GET"]}}],"collection":[{"href":"https:\/\/herbordsburg-pudel.de\/gb\/wp-json\/wp\/v2\/pages"}],"about":[{"href":"https:\/\/herbordsburg-pudel.de\/gb\/wp-json\/wp\/v2\/types\/page"}],"author":[{"embeddable":true,"href":"https:\/\/herbordsburg-pudel.de\/gb\/wp-json\/wp\/v2\/users\/1"}],"replies":[{"embeddable":true,"href":"https:\/\/herbordsburg-pudel.de\/gb\/wp-json\/wp\/v2\/comments?post=336"}],"version-history":[{"count":0,"href":"https:\/\/herbordsburg-pudel.de\/gb\/wp-json\/wp\/v2\/pages\/336\/revisions"}],"wp:featuredmedia":[{"embeddable":true,"href":"https:\/\/herbordsburg-pudel.de\/gb\/wp-json\/wp\/v2\/media\/357"}],"wp:attachment":[{"href":"https:\/\/herbordsburg-pudel.de\/gb\/wp-json\/wp\/v2\/media?parent=336"}],"curies":[{"name":"wp","href":"https:\/\/api.w.org\/{rel}","templated":true}]}}