{"id":272,"date":"2020-08-15T11:23:24","date_gmt":"2020-08-15T09:23:24","guid":{"rendered":"http:\/\/herbordsburg-pudel-neubrandenburg.de\/?page_id=272"},"modified":"2020-08-16T07:41:18","modified_gmt":"2020-08-16T05:41:18","slug":"ahnentafel-tinkabelle-vom-eichschloesschen","status":"publish","type":"page","link":"https:\/\/herbordsburg-pudel.de\/gb\/ahnentafel-tinkabelle-vom-eichschloesschen\/","title":{"rendered":"Pedigree Tinkabelle vom Eichschl\u00f6\u00dfchen"},"content":{"rendered":"\n<table data-minrequestedwidth=\"763\" data-computedwidth=\"763\" style=\"width: 100%; border-collapse: collapse\" border=\"1\" bordercolor=\"#111111\" cellpadding=\"0\" cellspacing=\"0\">\n  <tr>\n    <td colspan=\"1\" rowspan=\"4\" style=\"width: 247px; height: 259px;\" class=\"imVt\">\n    Champ. &nbsp;Olly vom Eichschl\u00f6\u00dfchen<\/td>\n    <td colspan=\"1\" rowspan=\"2\" style=\"width: 247px; height: 125px;\" class=\"imVt\">\n    Ch. Figaro Dynamic-Toy\u00b4s Honda-Fan<\/td>\n    <td style=\"width: 247px; height: 58px;\" class=\"imVc\">Golden Baroughe Toy of \n    Mirror<br>\n    Home<br>\n&nbsp;<\/td>\n  <\/tr>\n  <tr>\n    <td style=\"width: 247px; height: 58px;\" class=\"imVc\">Figaro Dynamic-Toy\u00b4s \n    Aubergina<br>\n&nbsp;<\/td>\n  <\/tr>\n  <tr>\n    <td colspan=\"1\" rowspan=\"2\" style=\"width: 247px; height: 125px;\" class=\"imVt\">\n    Ch. Ilonka vom Eichschl\u00f6\u00dfchen<\/td>\n    <td style=\"width: 247px; height: 58px;\" class=\"imVc\">Ch. I-P\u00fcnktchen \n    v.Gr\u00fcnen Fichtelgebirge<br>\n&nbsp;<\/td>\n  <\/tr>\n  <tr>\n    <td style=\"width: 247px; height: 58px;\" class=\"imVc\">Ch.Antara \n    v.Eichschl\u00f6\u00dfchen<br>\n&nbsp;<\/td>\n  <\/tr>\n  <tr>\n    <td colspan=\"1\" rowspan=\"4\" style=\"width: 247px; height: 263px;\" class=\"imVt\">\n    Figaro Dynamic-Toy\u00b4s Magnolia<\/td>\n    <td colspan=\"1\" rowspan=\"2\" style=\"width: 247px; height: 125px;\" class=\"imVt\">\n    Ch. Billy Boy von der Morgenr\u00f6te<\/td>\n    <td style=\"width: 247px; height: 58px;\" class=\"imVc\">Zaran vom Figaro<br>\n&nbsp;<\/td>\n  <\/tr>\n  <tr>\n    <td style=\"width: 247px; height: 58px;\" class=\"imVc\">Wildflower \n    v.d.Morgenr\u00f6te<br>\n&nbsp;<\/td>\n  <\/tr>\n  <tr>\n    <td colspan=\"1\" rowspan=\"2\" style=\"width: 247px; height: 129px;\" class=\"imVt\">\n    Ch. Quick-Copperface Figaro <br>\n    Dynamic-Toy\u00b4s<\/td>\n    <td style=\"width: 247px; height: 60px;\" class=\"imVc\">Viktor vom Neuen Eck<br>\n&nbsp;<\/td>\n  <\/tr>\n  <tr>\n    <td style=\"width: 247px; height: 60px;\" class=\"imVc\">Donja Figaro \n    Dynamic-Toy\u00b4s<\/td>\n  <\/tr>\n<\/table>\n","protected":false},"excerpt":{"rendered":"<p>Champ. &nbsp;Olly vom Eichschl\u00f6\u00dfchen Ch. Figaro Dynamic-Toy\u00b4s Honda-Fan Golden Baroughe Toy of Mirror Home &nbsp; Figaro Dynamic-Toy\u00b4s Aubergina &nbsp; Ch. Ilonka vom Eichschl\u00f6\u00dfchen Ch. I-P\u00fcnktchen v.Gr\u00fcnen Fichtelgebirge &nbsp; Ch.Antara v.Eichschl\u00f6\u00dfchen &nbsp; Figaro Dynamic-Toy\u00b4s Magnolia Ch. Billy Boy von der Morgenr\u00f6te Zaran vom Figaro &nbsp; Wildflower v.d.Morgenr\u00f6te &nbsp; Ch. Quick-Copperface Figaro Dynamic-Toy\u00b4s Viktor vom Neuen Eck [&hellip;]<\/p>\n","protected":false},"author":1,"featured_media":0,"parent":0,"menu_order":0,"comment_status":"closed","ping_status":"closed","template":"","meta":{"footnotes":""},"class_list":["post-272","page","type-page","status-publish","hentry"],"translation":{"provider":"WPGlobus","version":"3.0.0","language":"gb","enabled_languages":["de","gb"],"languages":{"de":{"title":true,"content":true,"excerpt":false},"gb":{"title":true,"content":false,"excerpt":false}}},"jetpack_sharing_enabled":true,"_links":{"self":[{"href":"https:\/\/herbordsburg-pudel.de\/gb\/wp-json\/wp\/v2\/pages\/272","targetHints":{"allow":["GET"]}}],"collection":[{"href":"https:\/\/herbordsburg-pudel.de\/gb\/wp-json\/wp\/v2\/pages"}],"about":[{"href":"https:\/\/herbordsburg-pudel.de\/gb\/wp-json\/wp\/v2\/types\/page"}],"author":[{"embeddable":true,"href":"https:\/\/herbordsburg-pudel.de\/gb\/wp-json\/wp\/v2\/users\/1"}],"replies":[{"embeddable":true,"href":"https:\/\/herbordsburg-pudel.de\/gb\/wp-json\/wp\/v2\/comments?post=272"}],"version-history":[{"count":0,"href":"https:\/\/herbordsburg-pudel.de\/gb\/wp-json\/wp\/v2\/pages\/272\/revisions"}],"wp:attachment":[{"href":"https:\/\/herbordsburg-pudel.de\/gb\/wp-json\/wp\/v2\/media?parent=272"}],"curies":[{"name":"wp","href":"https:\/\/api.w.org\/{rel}","templated":true}]}}