{"id":256,"date":"2020-08-15T10:54:25","date_gmt":"2020-08-15T08:54:25","guid":{"rendered":"http:\/\/herbordsburg-pudel-neubrandenburg.de\/?page_id=256"},"modified":"2020-08-16T07:44:07","modified_gmt":"2020-08-16T05:44:07","slug":"ahnentafel-unikat-vorton-madari-royal-sand","status":"publish","type":"page","link":"https:\/\/herbordsburg-pudel.de\/gb\/ahnentafel-unikat-vorton-madari-royal-sand\/","title":{"rendered":"Pedigree Unikat Vorton Madari Royal Sand"},"content":{"rendered":"\n<table data-minrequestedwidth=\"763\" data-computedwidth=\"763\" style=\"width: 100%; border-collapse: collapse\" border=\"1\" bordercolor=\"#111111\" cellpadding=\"0\" cellspacing=\"0\">\n  <tr>\n    <td colspan=\"1\" rowspan=\"4\" style=\"width: 247px; height: 259px;\" class=\"imVt\">\n    Champ. Peewee von der Herbordsburg<\/td>\n    <td colspan=\"1\" rowspan=\"2\" style=\"width: 247px; height: 125px;\" class=\"imVt\">\n    Ch.Yamit Muskat Winter Fire <\/td>\n    <td style=\"width: 247px; height: 58px;\" class=\"imVc\">Ch.Fidelio Fantastico \n    v.d. Salana<br>\n&nbsp;<\/td>\n  <\/tr>\n  <tr>\n    <td style=\"width: 247px; height: 58px;\" class=\"imVc\">Ch.Yamit Muskat Amazing \n    Rose<br>\n&nbsp;<\/td>\n  <\/tr>\n  <tr>\n    <td colspan=\"1\" rowspan=\"2\" style=\"width: 247px; height: 125px;\" class=\"imVt\">\n    Ch. Arwen von der Herbordsburg<\/td>\n    <td style=\"width: 247px; height: 58px;\" class=\"imVc\">Ch.Cody v.d. \n    Herbordsburg<br>\n&nbsp;<\/td>\n  <\/tr>\n  <tr>\n    <td style=\"width: 247px; height: 58px;\" class=\"imVc\">Ch.Virginia v.d. \n    Herbordsburg<br>\n&nbsp;<\/td>\n  <\/tr>\n  <tr>\n    <td colspan=\"1\" rowspan=\"4\" style=\"width: 247px; height: 263px;\" class=\"imVt\">\n    JuChamp. Tinkabelle vom Eichschl\u00f6\u00dfchen<\/td>\n    <td colspan=\"1\" rowspan=\"2\" style=\"width: 247px; height: 125px;\" class=\"imVt\">\n    Ch. Olly vom Eichschl\u00f6\u00dfchen<\/td>\n    <td style=\"width: 247px; height: 58px;\" class=\"imVc\">Ch.Figaro Dynamic-Toy\u00b4s \n    Honda-Fan<br>\n&nbsp;<\/td>\n  <\/tr>\n  <tr>\n    <td style=\"width: 247px; height: 58px;\" class=\"imVc\">Ch.Ilonka vom \n    Eichschl\u00f6\u00dfchen <br>\n&nbsp;<\/td>\n  <\/tr>\n  <tr>\n    <td colspan=\"1\" rowspan=\"2\" style=\"width: 247px; height: 129px;\" class=\"imVt\">\n    Figaro Dynamic-Toy\u00b4s Magnolia<\/td>\n    <td style=\"width: 247px; height: 60px;\" class=\"imVc\">Ch.Billy Boy von der \n    Morgenr\u00f6te<br>\n&nbsp;<\/td>\n  <\/tr>\n  <tr>\n    <td style=\"width: 247px; height: 60px;\" class=\"imVc\">Ch.Quick-Copperface \n    Figaro <br>\n    Dynamic-Toy\u00b4s<\/td>\n  <\/tr>\n<\/table>\n\n\n\n<p><\/p>\n","protected":false},"excerpt":{"rendered":"<p>Champ. Peewee von der Herbordsburg Ch.Yamit Muskat Winter Fire Ch.Fidelio Fantastico v.d. Salana &nbsp; Ch.Yamit Muskat Amazing Rose &nbsp; Ch. Arwen von der Herbordsburg Ch.Cody v.d. Herbordsburg &nbsp; Ch.Virginia v.d. Herbordsburg &nbsp; JuChamp. Tinkabelle vom Eichschl\u00f6\u00dfchen Ch. Olly vom Eichschl\u00f6\u00dfchen Ch.Figaro Dynamic-Toy\u00b4s Honda-Fan &nbsp; Ch.Ilonka vom Eichschl\u00f6\u00dfchen &nbsp; Figaro Dynamic-Toy\u00b4s Magnolia Ch.Billy Boy von der [&hellip;]<\/p>\n","protected":false},"author":1,"featured_media":0,"parent":0,"menu_order":0,"comment_status":"closed","ping_status":"closed","template":"","meta":{"footnotes":""},"class_list":["post-256","page","type-page","status-publish","hentry"],"translation":{"provider":"WPGlobus","version":"3.0.0","language":"gb","enabled_languages":["de","gb"],"languages":{"de":{"title":true,"content":true,"excerpt":false},"gb":{"title":true,"content":false,"excerpt":false}}},"jetpack_sharing_enabled":true,"_links":{"self":[{"href":"https:\/\/herbordsburg-pudel.de\/gb\/wp-json\/wp\/v2\/pages\/256","targetHints":{"allow":["GET"]}}],"collection":[{"href":"https:\/\/herbordsburg-pudel.de\/gb\/wp-json\/wp\/v2\/pages"}],"about":[{"href":"https:\/\/herbordsburg-pudel.de\/gb\/wp-json\/wp\/v2\/types\/page"}],"author":[{"embeddable":true,"href":"https:\/\/herbordsburg-pudel.de\/gb\/wp-json\/wp\/v2\/users\/1"}],"replies":[{"embeddable":true,"href":"https:\/\/herbordsburg-pudel.de\/gb\/wp-json\/wp\/v2\/comments?post=256"}],"version-history":[{"count":0,"href":"https:\/\/herbordsburg-pudel.de\/gb\/wp-json\/wp\/v2\/pages\/256\/revisions"}],"wp:attachment":[{"href":"https:\/\/herbordsburg-pudel.de\/gb\/wp-json\/wp\/v2\/media?parent=256"}],"curies":[{"name":"wp","href":"https:\/\/api.w.org\/{rel}","templated":true}]}}