{"id":2202,"date":"2025-03-28T12:49:14","date_gmt":"2025-03-28T11:49:14","guid":{"rendered":"https:\/\/herbordsburg-pudel.de\/?page_id=2202"},"modified":"2026-01-15T19:48:20","modified_gmt":"2026-01-15T18:48:20","slug":"zuhause-gesucht","status":"publish","type":"page","link":"https:\/\/herbordsburg-pudel.de\/gb\/zuhause-gesucht\/","title":{"rendered":"Imprint"},"content":{"rendered":"    <!--[text]-->\n                <p class=\" additional-class-944423896  bd-content-element\">\n            <!--{content}-->\n                Die Zwergenjungs M\u00e4xchen und Mian haben beide sehr liebe Familien auf Lebenszeit gefunden. Sie haben sich sehr gut eingelebt, werden umsorgt und geliebt. Alle sind gl\u00fccklich und zufrieden. Danke daf\u00fcr an die Adoptiveltern und ich w\u00fcnsche viele, viele Jahre nur Freude miteinander.            <!--{\/content}-->\n        <\/p>\n    <!--[\/text]-->\n\n    <!--[section]-->\n\t\t\t\t<section id=section1 class=\" bd-section-1578530716  bd-tagstyles\" data-section-title=\"2 Columns\">\n\t\t\t<div class=\"bd-container-inner bd-margins clearfix\">\n\t\t\t\t<!--{content}-->\n\t\t\t\t\t    <!--[columns]-->\n        <style>\n.bd-layoutcontainer-328843286  > .bd-container-inner > .container-fluid:after{display:none;}<\/style><style>.bd-layoutcontainer-328843286 > .bd-container-inner > .container-fluid {padding-left: 0; padding-right: 0;}<\/style>        <style>\n.bd-layoutcolumn-729683962{position:relative;}<\/style>        <div class=\" bd-layoutcontainer-328843286  bd-columns bd-no-margins\">\n            <div class=\"bd-container-inner\">\n                <div class=\"container-fluid\">\n                    <div class=\"row\">\n                        <!--{content}-->\n                                <!--[column]-->\n        <div class=\"col-sm-6 bd-columnwrapper-801355188\">\n            <div class=\"bd-column  bd-layoutcolumn-801355188 \">\n                <div class=\"bd-vertical-align-wrapper\">\n                    <!--{content}-->\n                            <!--[text]-->\n        <style>\n.additional-class-302750529{\n\ttext-align:  center;\n}\n<\/style>        <p class=\" additional-class-302750529  bd-content-element\">\n            <!--{content}-->\n                Maximus            <!--{\/content}-->\n        <\/p>\n    <!--[\/text]-->\n\n\t\n\t\t<!--[image]--><style>\n.additional-class-1405285205{width:545px;}<\/style><img decoding=\"async\" src=\"https:\/\/herbordsburg-pudel.de\/wp-content\/uploads\/2025\/11\/687788c848cd2071dc6f245784b4e2d8_maximus1.jpeg\" class=\" additional-class-1405285205   bd-imagestyles bd-own-margins\"><!--{content}--><!--{\/content}--><!--[\/image]-->                    <!--{\/content}-->\n                <\/div>\n            <\/div>\n        <\/div>\n    <!--[\/column]-->\n\n\t\n\t\t    <!--[column]-->\n        <div class=\"col-sm-6 bd-columnwrapper-729683962\">\n            <div class=\"bd-column  bd-layoutcolumn-729683962 \">\n                <div class=\"bd-vertical-align-wrapper\">\n                    <!--{content}-->\n                            <!--[text]-->\n        <style>\n.additional-class-1816715267{\n\ttext-align:  center;\n}\n<\/style>        <p class=\" additional-class-1816715267  bd-content-element\">\n            <!--{content}-->\n                Mian            <!--{\/content}-->\n        <\/p>\n    <!--[\/text]-->\n\n\t\n\t\t<!--[image]--><style>\n.additional-class-841762688{width:545px;}<\/style><img decoding=\"async\" src=\"https:\/\/herbordsburg-pudel.de\/wp-content\/uploads\/2025\/11\/501045cf7b657688b6166faebb9ffe3b_mian1.jpeg\" class=\" additional-class-841762688   bd-imagestyles bd-own-margins\"><!--{content}--><!--{\/content}--><!--[\/image]-->                    <!--{\/content}-->\n                <\/div>\n            <\/div>\n        <\/div>\n    <!--[\/column]-->\n                        <!--{\/content}-->\n                    <\/div>\n                <\/div>\n            <\/div>\n        <\/div>\n    <!--[\/columns]-->\n\t\t\t\t<!--{\/content}-->\n\t\t\t<\/div>\n\t\t<\/section>\n\t<!--[\/section]-->\n\n","protected":false},"excerpt":{"rendered":"","protected":false},"author":2,"featured_media":0,"parent":0,"menu_order":0,"comment_status":"closed","ping_status":"closed","template":"","meta":{"footnotes":""},"class_list":["post-2202","page","type-page","status-publish","hentry"],"translation":{"provider":"WPGlobus","version":"3.0.0","language":"gb","enabled_languages":["de","gb"],"languages":{"de":{"title":true,"content":true,"excerpt":false},"gb":{"title":true,"content":false,"excerpt":false}}},"jetpack_sharing_enabled":true,"_links":{"self":[{"href":"https:\/\/herbordsburg-pudel.de\/gb\/wp-json\/wp\/v2\/pages\/2202","targetHints":{"allow":["GET"]}}],"collection":[{"href":"https:\/\/herbordsburg-pudel.de\/gb\/wp-json\/wp\/v2\/pages"}],"about":[{"href":"https:\/\/herbordsburg-pudel.de\/gb\/wp-json\/wp\/v2\/types\/page"}],"author":[{"embeddable":true,"href":"https:\/\/herbordsburg-pudel.de\/gb\/wp-json\/wp\/v2\/users\/2"}],"replies":[{"embeddable":true,"href":"https:\/\/herbordsburg-pudel.de\/gb\/wp-json\/wp\/v2\/comments?post=2202"}],"version-history":[{"count":35,"href":"https:\/\/herbordsburg-pudel.de\/gb\/wp-json\/wp\/v2\/pages\/2202\/revisions"}],"predecessor-version":[{"id":2375,"href":"https:\/\/herbordsburg-pudel.de\/gb\/wp-json\/wp\/v2\/pages\/2202\/revisions\/2375"}],"wp:attachment":[{"href":"https:\/\/herbordsburg-pudel.de\/gb\/wp-json\/wp\/v2\/media?parent=2202"}],"curies":[{"name":"wp","href":"https:\/\/api.w.org\/{rel}","templated":true}]}}