{"id":138,"date":"2020-08-13T18:55:22","date_gmt":"2020-08-13T16:55:22","guid":{"rendered":"http:\/\/herbordsburg-pudel-neubrandenburg.de\/?page_id=138"},"modified":"2021-08-02T09:50:09","modified_gmt":"2021-08-02T07:50:09","slug":"deckrueden-zwergpudel","status":"publish","type":"page","link":"https:\/\/herbordsburg-pudel.de\/gb\/deckrueden-zwergpudel\/","title":{"rendered":"Male dwarf"},"content":{"rendered":"    <!--[animation]-->\n        <style>\n        .bd-animation-755876495.animated.fadeIn {\n            -webkit-animation-duration: 3600ms;\n            animation-duration: 3600ms;\n            -webkit-animation-delay: 0ms;\n            animation-delay: 0ms;\n            \n        }\n        <\/style>        <!--{content}-->\n            <!--[container_effect]--> <style>\n.bd-containereffect-620072437{position:relative}<\/style><div class=\"container-effect container  bd-containereffect-620072437 \"><!--{content}-->    <!--[section]-->\n\t\t<style>\n.bd-section-1760817770{position:relative;padding-top:1em;padding-bottom:1em;overflow:hidden;background-attachment:scroll;}\n@media (max-width: 767px) {.bd-section-1760817770{padding-top:4em;padding-bottom:7em;}}\n.bd-section-1760817770{\n\tline-height:  27.2px;\n\tfont-size:  16px;\n\tletter-spacing:  1px;\n\tcolor:  #dddddd;\n\tfont-weight:  400;\n\ttext-align:  center;\n}\n.bd-section-1760817770 h3{\n\tline-height:  27.6px;\n\tfont-size:  24px;\n\tfont-weight:  300;\n\tcolor:  #efac4d;\n\ttext-transform:  uppercase;\n}\n.bd-section-1760817770 h1{\n\tline-height:  48px;\n\tfont-weight:  300;\n\tfont-size:  48px;\n\tcolor:  #777777;\n\ttext-transform:  uppercase;\n}\n\n@media (max-width: 1199px) {.bd-section-1760817770 h3{\n\tline-height:  34.5px;\n\tfont-size:  30px;\n}\n}\n@media (max-width: 991px) {.bd-section-1760817770 h3{\n\tline-height:  34.5px;\n\tfont-size:  30px;\n}\n.bd-section-1760817770 h1{\n\tline-height:  43.2px;\n\tfont-size:  36px;\n}\n}\n@media (max-width: 767px) {.bd-section-1760817770{\n\tline-height:  18.57142858px;\n\ttext-align:  center;\n\tfont-size:  13px;\n}\n.bd-section-1760817770 h4{\n\tline-height:  25.71428572px;\n\tfont-size:  18px;\n}\n.bd-section-1760817770 h3{\n\tline-height:  27.6px;\n\tfont-size:  24px;\n}\n.bd-section-1760817770 h1{\n\tline-height:  30px;\n\tfont-size:  30px;\n\tfont-weight:  400;\n}\n}\n.bd-section-1760817770{position:relative}<\/style>\t\t<section id=section5 class=\" bd-section-1760817770 bd-tagstyles animated  bd-animation-755876495 \" data-section-title=\"Image Left Over Boxes Image Left Behind All\" data-animation-name=\"fadeIn\" data-animation-event=\"onload\" data-animation-duration=\"3600ms\" data-animation-delay=\"0ms\" data-animation-infinited=\"false\">\n\t\t\t<div class=\"bd-container-inner bd-margins clearfix\">\n\t\t\t\t<!--{content}-->\n\t\t\t\t\t    <!--[columns]-->\n        <style>\n.bd-layoutcontainer-341987169{padding-left:100px;padding-right:20px;}\n@media (max-width: 1199px) {.bd-layoutcontainer-341987169{padding-right:10px;padding-left:60px;}}\n@media (max-width: 991px) {.bd-layoutcontainer-341987169{padding-left:40px;padding-right:0px;}}\n@media (max-width: 767px) {.bd-layoutcontainer-341987169{padding-left:0px;}}<\/style><style>\n.bd-layoutcontainer-341987169 > .bd-container-inner > .container-fluid > .row{height:100%;margin:0px;}\n.bd-layoutcontainer-341987169 > .bd-container-inner > .container-fluid > .row > div{padding:0px;}\n.bd-layoutcontainer-341987169  > .bd-container-inner > .container-fluid:after{display:none;}<\/style><style>\n.bd-layoutcontainer-341987169 > .bd-container-inner > .container-fluid, .bd-layoutcontainer-341987169 > .bd-container-inner > .container-fluid > .row{height:100%;}<\/style><style>.bd-layoutcontainer-341987169 > .bd-container-inner > .container-fluid {padding-left: 0; padding-right: 0;margin-left: 0!important; margin-right: 0!important;}<\/style>        <style>\n.bd-layoutcolumn-629401085{-webkit-box-shadow:0px 20px 100px 0px rgba(0, 0, 0, 0.35);-o-box-shadow:0px 20px 100px 0px rgba(0, 0, 0, 0.35);-ms-box-shadow:0px 20px 100px 0px rgba(0, 0, 0, 0.35);-moz-box-shadow:0px 20px 100px 0px rgba(0, 0, 0, 0.35);box-shadow:0px 20px 100px 0px rgba(0, 0, 0, 0.35);background-image:url(https:\/\/herbordsburg-pudel.de\/wp-content\/uploads\/2020\/08\/3311e967bdcd899428323a71cab4e76d_Huggy2.jpg);background-repeat:no-repeat;background-attachment:scroll;background-position:center center;z-index:2;}\n@media (max-width: 767px) {.bd-layoutcolumn-629401085{margin-left:24px;height:250px;background-size:cover;}}\n\n.bd-layoutcolumn-114903585{margin-top:40px;margin-bottom:40px;position:relative;}\n@media (max-width: 991px) {.bd-layoutcolumn-114903585{margin-top:20px;margin-bottom:20px;}}\n@media (max-width: 767px) {.bd-layoutcolumn-114903585{margin-right:24px;}}<\/style>        <div class=\" bd-layoutcontainer-341987169  bd-columns bd-no-margins\">\n            <div class=\"bd-container-inner\">\n                <div class=\"container-fluid\">\n                    <div class=\"row bd-row-flex bd-row-align-middle\">\n                        <!--{content}-->\n                                <!--[column]-->\n        <div class=\"col-sm-6 bd-columnwrapper-629401085\">\n            <div class=\"bd-column  bd-layoutcolumn-629401085 \">\n                <div class=\"bd-vertical-align-wrapper\">\n                    <!--{content}-->\n                                            <!--{\/content}-->\n                <\/div>\n            <\/div>\n        <\/div>\n    <!--[\/column]-->\n\n\t\n\t\t    <!--[column]-->\n        <div class=\"col-sm-6 bd-columnwrapper-114903585\">\n            <div class=\"bd-column  bd-layoutcolumn-114903585 \">\n                <div class=\"bd-vertical-align-wrapper\">\n                    <!--{content}-->\n                        <!--[html]--><style>\n.additional-class-1680491313{background-color:rgba(128, 0, 0, 0.95);width:200%;height:135%;-webkit-box-shadow:0px 20px 50px 0 rgba(0, 0, 0, 0.15);-o-box-shadow:0px 20px 50px 0 rgba(0, 0, 0, 0.15);-ms-box-shadow:0px 20px 50px 0 rgba(0, 0, 0, 0.15);-moz-box-shadow:0px 20px 50px 0 rgba(0, 0, 0, 0.15);box-shadow:0px 20px 50px 0 rgba(0, 0, 0, 0.15);bottom:auto;right:15%;top:0%;position:absolute;z-index:1;}\n@media (max-width: 1199px) {.additional-class-1680491313{right:14%;height:140%;}}\n@media (max-width: 991px) {.additional-class-1680491313{right:40px;height:130%;}}\n@media (max-width: 767px) {.additional-class-1680491313{height:190%;width:109%;-webkit-box-shadow:0px 20px 20px 0 rgba(0, 0, 0, 0.15);-o-box-shadow:0px 20px 20px 0 rgba(0, 0, 0, 0.15);-ms-box-shadow:0px 20px 20px 0 rgba(0, 0, 0, 0.15);-moz-box-shadow:0px 20px 20px 0 rgba(0, 0, 0, 0.15);box-shadow:0px 20px 20px 0 rgba(0, 0, 0, 0.15);position:absolute;top:-250px;right:-15px;}}<\/style><style><\/style><div class=\"bd-tagstyles  additional-class-1680491313 \"><div class=\"bd-container-inner bd-content-element\"><!--{content}--><!--{\/content}--><\/div><\/div><!--[\/html]-->\n\t\n\t\t<!--[layoutbox]--><style>\n.additional-class-496550311{width:100%;position:relative;background-color:#ffffff;height:100%;-webkit-box-shadow:0px 0px 6px 0px rgba(51, 51, 51, 0.25);-o-box-shadow:0px 0px 6px 0px rgba(51, 51, 51, 0.25);-ms-box-shadow:0px 0px 6px 0px rgba(51, 51, 51, 0.25);-moz-box-shadow:0px 0px 6px 0px rgba(51, 51, 51, 0.25);box-shadow:0px 0px 6px 0px rgba(51, 51, 51, 0.25);min-height:250px;z-index:1;padding:2em;}\n@media (max-width: 991px) {.additional-class-496550311{padding-top:1em;}}<\/style><div class=\"clearfix  additional-class-496550311  bd-no-margins\"><div class=\"bd-container-inner\"><!--{content}--><!--[flex_align]--><style>.bd-flexalign-1283235702{height: 100%;}<\/style><style>\n.bd-flexalign.bd-flexalign-1283235702 > *{margin:auto;}<\/style><div class=\"bd-flexalign  bd-flexalign-1283235702  bd-no-margins\"><!--{content}--><!--[layoutbox_1]--><div class=\"clearfix  additional-class-1542199012  bd-no-margins\"><div class=\"bd-container-inner\"><!--{content}-->    <!--[text]-->\n        <style>\n.additional-class-1983713827{margin-bottom:0px;}<\/style>        <h4 class=\" additional-class-1983713827  bd-content-element\">\n            <!--{content}-->\n                Huggy von der Herbordsburg            <!--{\/content}-->\n        <\/h4>\n    <!--[\/text]-->\n\n\t\n\t\t    <!--[text]-->\n        <style>\n.additional-class-980807005{height:162px;}\n.additional-class-980807005{\n\tcolor:  #000000;\n}\n<\/style>        <p class=\" additional-class-980807005  bd-content-element\">\n            <!--{content}-->\n                Wurftag: 09.04.2015\n<br>Widerristh\u00f6he: 34 cm K\u00f6rperl\u00e4nge: 36 cm\n<br>Pl-frei, Augen ok, prcd-PRA B\n<br>Titel:\n<br>DPK-Jugendchampion, German Jugend WinnerDeutscher Champion DPK, Deutscher\nChampion VDH            <!--{\/content}-->\n        <\/p>\n    <!--[\/text]-->\n\n\t\n\t\t\n    <!--[spacer]-->\n    <style>\n.bd-spacer-538250682{height:35px;}<\/style>    <div class=\" bd-spacer-538250682  clearfix\">\n        <!--{content}--><!--{\/content}-->\n    <\/div>\n    <!--[\/spacer]-->\n\n    \n\t\n\t\t    <!--[text]-->\n        <style>\n.additional-class-1008133004{\n\tcolor:  #000000;\n}\n<\/style>        <p class=\" additional-class-1008133004  bd-content-element\">\n            <!--{content}-->\n                <a href=\"https:\/\/herbordsburg-pudel.de\/ahnentafel-huggy-von-der-herbordsburg\/\">Ahnentafel - Pedigree <\/a>            <!--{\/content}-->\n        <\/p>\n    <!--[\/text]-->\n<!--{\/content}--><\/div><\/div><!--[\/layoutbox_1]--><!--{\/content}--><\/div><!--[\/flex_align]--><!--{\/content}--><\/div><\/div><!--[\/layoutbox]-->                    <!--{\/content}-->\n                <\/div>\n            <\/div>\n        <\/div>\n    <!--[\/column]-->\n                        <!--{\/content}-->\n                    <\/div>\n                <\/div>\n            <\/div>\n        <\/div>\n    <!--[\/columns]-->\n\t\t\t\t<!--{\/content}-->\n\t\t\t<\/div>\n\t\t<\/section>\n\t<!--[\/section]-->\n<!--{\/content}--><\/div><!--[\/container_effect]-->        <!--{\/content}-->\n    <!--[\/animation]-->\n\n    \n    <!--[section]-->\n\t\t\t\t<section id=section59 class=\" bd-section-1420700961  bd-tagstyles\" data-section-title=\"Section\">\n\t\t\t<div class=\"bd-container-inner bd-margins clearfix\">\n\t\t\t\t<!--{content}-->\n\t\t\t\t\t    <!--[text]-->\n                <p class=\" additional-class-1767728119  bd-content-element\">\n            <!--{content}-->\n                \r\n\t\t\t\t\t\n\r\n\t\t\t\t\t<!-- START UNITE GALLERY 1.7.62 -->\r\n\t\t\t\t\t\r\n\t\t\t\t\n\t\t\t<div id='unitegallery_9_1' class='unite-gallery' style='margin:0px auto;'>\n\t\t\t\t\n\n\t\t\t\t\t\t<img decoding=\"async\" alt=\"Huggy (1)\"\n\t\t\t\t\t\t     src=\"\" data-image=\"https:\/\/herbordsburg-pudel.de\/wp-content\/uploads\/2020\/08\/Huggy-1.jpg\"\n\t\t\t\t\t\t     data-thumb=\"https:\/\/herbordsburg-pudel.de\/wp-content\/uploads\/2020\/08\/Huggy-1-189x300.jpg\"\n\t\t\t\t\t\t     title=\"\"\n\t\t\t\t\t\t     style=\"display:none\">\n\n\t\t\t\t\t\t<img decoding=\"async\" alt=\"Huggy (2)\"\n\t\t\t\t\t\t     src=\"\" data-image=\"https:\/\/herbordsburg-pudel.de\/wp-content\/uploads\/2020\/08\/Huggy-2.jpg\"\n\t\t\t\t\t\t     data-thumb=\"https:\/\/herbordsburg-pudel.de\/wp-content\/uploads\/2020\/08\/Huggy-2-300x242.jpg\"\n\t\t\t\t\t\t     title=\"\"\n\t\t\t\t\t\t     style=\"display:none\">\n\n\t\t\t\t\t\t<img decoding=\"async\" alt=\"Huggy (3)\"\n\t\t\t\t\t\t     src=\"\" data-image=\"https:\/\/herbordsburg-pudel.de\/wp-content\/uploads\/2020\/08\/Huggy-3.jpg\"\n\t\t\t\t\t\t     data-thumb=\"https:\/\/herbordsburg-pudel.de\/wp-content\/uploads\/2020\/08\/Huggy-3-300x202.jpg\"\n\t\t\t\t\t\t     title=\"\"\n\t\t\t\t\t\t     style=\"display:none\">\n\n\t\t\t\t\t\t<img decoding=\"async\" alt=\"Huggy (4)\"\n\t\t\t\t\t\t     src=\"\" data-image=\"https:\/\/herbordsburg-pudel.de\/wp-content\/uploads\/2020\/08\/Huggy-4.jpg\"\n\t\t\t\t\t\t     data-thumb=\"https:\/\/herbordsburg-pudel.de\/wp-content\/uploads\/2020\/08\/Huggy-4-225x300.jpg\"\n\t\t\t\t\t\t     title=\"\"\n\t\t\t\t\t\t     style=\"display:none\">\n\n\t\t\t\t\t\t<img decoding=\"async\" alt=\"Huggy (5)\"\n\t\t\t\t\t\t     src=\"\" data-image=\"https:\/\/herbordsburg-pudel.de\/wp-content\/uploads\/2020\/08\/Huggy-5.jpg\"\n\t\t\t\t\t\t     data-thumb=\"https:\/\/herbordsburg-pudel.de\/wp-content\/uploads\/2020\/08\/Huggy-5-300x225.jpg\"\n\t\t\t\t\t\t     title=\"\"\n\t\t\t\t\t\t     style=\"display:none\">\n\n\t\t\t\t\t\t<img decoding=\"async\" alt=\"Huggy (6)\"\n\t\t\t\t\t\t     src=\"\" data-image=\"https:\/\/herbordsburg-pudel.de\/wp-content\/uploads\/2020\/08\/Huggy-6.jpg\"\n\t\t\t\t\t\t     data-thumb=\"https:\/\/herbordsburg-pudel.de\/wp-content\/uploads\/2020\/08\/Huggy-6-300x225.jpg\"\n\t\t\t\t\t\t     title=\"\"\n\t\t\t\t\t\t     style=\"display:none\">\n\n\t\t\t\t\t\t<img decoding=\"async\" alt=\"Huggy (7)\"\n\t\t\t\t\t\t     src=\"\" data-image=\"https:\/\/herbordsburg-pudel.de\/wp-content\/uploads\/2020\/08\/Huggy-7.jpg\"\n\t\t\t\t\t\t     data-thumb=\"https:\/\/herbordsburg-pudel.de\/wp-content\/uploads\/2020\/08\/Huggy-7-300x225.jpg\"\n\t\t\t\t\t\t     title=\"\"\n\t\t\t\t\t\t     style=\"display:none\">\n\n\t\t\t\t\t\t<img decoding=\"async\" alt=\"Huggy (8)\"\n\t\t\t\t\t\t     src=\"\" data-image=\"https:\/\/herbordsburg-pudel.de\/wp-content\/uploads\/2020\/08\/Huggy-8.jpg\"\n\t\t\t\t\t\t     data-thumb=\"https:\/\/herbordsburg-pudel.de\/wp-content\/uploads\/2020\/08\/Huggy-8-300x225.jpg\"\n\t\t\t\t\t\t     title=\"\"\n\t\t\t\t\t\t     style=\"display:none\">\n\n\t\t\t\t\t\t<img decoding=\"async\" alt=\"Huggy (9)\"\n\t\t\t\t\t\t     src=\"\" data-image=\"https:\/\/herbordsburg-pudel.de\/wp-content\/uploads\/2020\/08\/Huggy-9.jpg\"\n\t\t\t\t\t\t     data-thumb=\"https:\/\/herbordsburg-pudel.de\/wp-content\/uploads\/2020\/08\/Huggy-9-300x225.jpg\"\n\t\t\t\t\t\t     title=\"\"\n\t\t\t\t\t\t     style=\"display:none\">\n\n\t\t\t\t\t\t<img decoding=\"async\" alt=\"Huggy (10)\"\n\t\t\t\t\t\t     src=\"\" data-image=\"https:\/\/herbordsburg-pudel.de\/wp-content\/uploads\/2020\/08\/Huggy-10.jpg\"\n\t\t\t\t\t\t     data-thumb=\"https:\/\/herbordsburg-pudel.de\/wp-content\/uploads\/2020\/08\/Huggy-10-300x225.jpg\"\n\t\t\t\t\t\t     title=\"\"\n\t\t\t\t\t\t     style=\"display:none\">\n\n\t\t\t\t\t\t<img decoding=\"async\" alt=\"Huggy (11)\"\n\t\t\t\t\t\t     src=\"\" data-image=\"https:\/\/herbordsburg-pudel.de\/wp-content\/uploads\/2020\/08\/Huggy-11.jpg\"\n\t\t\t\t\t\t     data-thumb=\"https:\/\/herbordsburg-pudel.de\/wp-content\/uploads\/2020\/08\/Huggy-11-241x300.jpg\"\n\t\t\t\t\t\t     title=\"\"\n\t\t\t\t\t\t     style=\"display:none\">\n\t\t\t<\/div>\n\n\t\t\t<script type='text\/javascript'>\n\t\t\t\twindow.onload = function(e) {\n\t\t\t\t\tif(typeof ugCheckForErrors == \"undefined\"){\n\t\t\t\t\t\tdocument.getElementById(\"unitegallery_9_1\").innerHTML = \"<span style='color:red'>Unite Gallery Error - gallery js and css files not included in the footer. Please make sure that wp_footer() function is added to your theme.<\/span>\";}\n\t\t\t\t\telse{ ugCheckForErrors(\"unitegallery_9_1\", \"jquery\");}\n\t\t\t\t};\n\t\t\t<\/script>\n\n\t\t\t<!-- END UNITEGALLERY -->            <!--{\/content}-->\n        <\/p>\n    <!--[\/text]-->\n\t\t\t\t<!--{\/content}-->\n\t\t\t<\/div>\n\t\t<\/section>\n\t<!--[\/section]-->\n\n","protected":false},"excerpt":{"rendered":"","protected":false},"author":1,"featured_media":0,"parent":0,"menu_order":0,"comment_status":"closed","ping_status":"closed","template":"","meta":{"footnotes":""},"class_list":["post-138","page","type-page","status-publish","hentry"],"translation":{"provider":"WPGlobus","version":"3.0.0","language":"gb","enabled_languages":["de","gb"],"languages":{"de":{"title":true,"content":true,"excerpt":false},"gb":{"title":true,"content":false,"excerpt":false}}},"jetpack_sharing_enabled":true,"_links":{"self":[{"href":"https:\/\/herbordsburg-pudel.de\/gb\/wp-json\/wp\/v2\/pages\/138","targetHints":{"allow":["GET"]}}],"collection":[{"href":"https:\/\/herbordsburg-pudel.de\/gb\/wp-json\/wp\/v2\/pages"}],"about":[{"href":"https:\/\/herbordsburg-pudel.de\/gb\/wp-json\/wp\/v2\/types\/page"}],"author":[{"embeddable":true,"href":"https:\/\/herbordsburg-pudel.de\/gb\/wp-json\/wp\/v2\/users\/1"}],"replies":[{"embeddable":true,"href":"https:\/\/herbordsburg-pudel.de\/gb\/wp-json\/wp\/v2\/comments?post=138"}],"version-history":[{"count":0,"href":"https:\/\/herbordsburg-pudel.de\/gb\/wp-json\/wp\/v2\/pages\/138\/revisions"}],"wp:attachment":[{"href":"https:\/\/herbordsburg-pudel.de\/gb\/wp-json\/wp\/v2\/media?parent=138"}],"curies":[{"name":"wp","href":"https:\/\/api.w.org\/{rel}","templated":true}]}}